{"id":2,"date":"2014-11-21T04:51:49","date_gmt":"2014-11-21T04:51:49","guid":{"rendered":"http:\/\/localhost\/wordpress-4.0.1\/wordpress\/?page_id=2"},"modified":"2022-12-27T10:28:54","modified_gmt":"2022-12-27T10:28:54","slug":"sample-page","status":"publish","type":"page","link":"https:\/\/www.ferienwohnung-rheindiebach.de\/","title":{"rendered":"Startseite"},"content":{"rendered":"<p>Rheindiebach geh\u00f6rt zur Gemeinde Oberdiebach und ist 2 km von Bacharach entfernt. Die Stadt Bacharach erreichen Sie bequem \u00fcber den Burgenwanderweg an der Ruine F\u00fcrstenberg vorbei. Oder Sie nutzen den sch\u00f6nen Fu\u00dfweg am Rhein entlang.<\/p>\n<p>In Oberdiebach und Rheindiebach gibt es einige Sehensw\u00fcrdigkeiten, wie die Moritzkirche in Oberdiebach. Von der Ferienwohnung aus k\u00f6nnen Sie gut alle Burgen am Mittelrhein erreichen. Au\u00dferdem sind viele sch\u00f6ne Wander- und Fahrradwege erreichbar.<\/p>\n<p><strong>Jetzt kostenlos<\/strong> <strong>Internet und Wlan!<\/strong><\/p>\n<p>Telefon: <a href=\"tel:+496743\/ 2456\">+49 (0)6743\/ 2456<\/a><\/p>\n<p><a href=\"mailto:EGietz@t-online.de\" target=\"\" rel=\"noopener\">Email: EGietz@t-online.de<\/a><\/p>\n","protected":false},"excerpt":{"rendered":"<p>Rheindiebach geh\u00f6rt zur Gemeinde Oberdiebach und ist 2 km von Bacharach entfernt. Die Stadt Bacharach erreichen Sie bequem \u00fcber den Burgenwanderweg an der Ruine F\u00fcrstenberg vorbei. Oder Sie nutzen den sch\u00f6nen Fu\u00dfweg am Rhein entlang. In Oberdiebach und Rheindiebach gibt es einige Sehensw\u00fcrdigkeiten, wie die Moritzkirche in Oberdiebach. Von der Ferienwohnung aus k\u00f6nnen Sie gut [&hellip;]<\/p>\n","protected":false},"author":1,"featured_media":0,"parent":0,"menu_order":0,"comment_status":"open","ping_status":"open","template":"","meta":[],"_links":{"self":[{"href":"https:\/\/www.ferienwohnung-rheindiebach.de\/index.php?rest_route=\/wp\/v2\/pages\/2"}],"collection":[{"href":"https:\/\/www.ferienwohnung-rheindiebach.de\/index.php?rest_route=\/wp\/v2\/pages"}],"about":[{"href":"https:\/\/www.ferienwohnung-rheindiebach.de\/index.php?rest_route=\/wp\/v2\/types\/page"}],"author":[{"embeddable":true,"href":"https:\/\/www.ferienwohnung-rheindiebach.de\/index.php?rest_route=\/wp\/v2\/users\/1"}],"replies":[{"embeddable":true,"href":"https:\/\/www.ferienwohnung-rheindiebach.de\/index.php?rest_route=%2Fwp%2Fv2%2Fcomments&post=2"}],"version-history":[{"count":6,"href":"https:\/\/www.ferienwohnung-rheindiebach.de\/index.php?rest_route=\/wp\/v2\/pages\/2\/revisions"}],"predecessor-version":[{"id":233,"href":"https:\/\/www.ferienwohnung-rheindiebach.de\/index.php?rest_route=\/wp\/v2\/pages\/2\/revisions\/233"}],"wp:attachment":[{"href":"https:\/\/www.ferienwohnung-rheindiebach.de\/index.php?rest_route=%2Fwp%2Fv2%2Fmedia&parent=2"}],"curies":[{"name":"wp","href":"https:\/\/api.w.org\/{rel}","templated":true}]}}