{"id":8,"date":"2016-03-06T12:48:49","date_gmt":"2016-03-06T12:48:49","guid":{"rendered":"http:\/\/wp12557485.server-he.de\/?page_id=8"},"modified":"2022-12-27T10:24:00","modified_gmt":"2022-12-27T10:24:00","slug":"preis-und-leistungsliste","status":"publish","type":"page","link":"http:\/\/www.ferienwohnung-rheindiebach.de\/?page_id=8","title":{"rendered":"Preis und Leistungsliste"},"content":{"rendered":"<table>\n<tbody>\n<tr>\n<td>\u00dcbernachtung f\u00fcr 2 Personen<\/td>\n<td><\/td>\n<td>45Euro<\/td>\n<\/tr>\n<tr>\n<td><\/td>\n<td><\/td>\n<td><\/td>\n<\/tr>\n<tr>\n<td>jede weitere Person<\/td>\n<td><\/td>\n<td>10 Euro<\/td>\n<\/tr>\n<tr>\n<td><\/td>\n<td><\/td>\n<td><\/td>\n<\/tr>\n<tr>\n<td>Kinder bis 13 Jahre<\/td>\n<td><\/td>\n<td>5 Euro<\/td>\n<\/tr>\n<tr>\n<td><\/td>\n<td><\/td>\n<td><\/td>\n<\/tr>\n<tr>\n<td>Hunde pro Nacht<\/td>\n<td><\/td>\n<td>5 Euro<\/td>\n<\/tr>\n<\/tbody>\n<\/table>\n<p>Damit sie immer ein sauberes Zuhause haben werden einmalig 15\u20ac Endreinigung f\u00e4llig, au\u00dfer sie bleiben l\u00e4nger wie 4 Tage. Dann ist diese Gratis.<\/p>\n<p>Im Preis enthalten sind Handt\u00fccher, Bettw\u00e4sche, Nebenkosten<\/p>\n","protected":false},"excerpt":{"rendered":"<p>\u00dcbernachtung f\u00fcr 2 Personen 45Euro jede weitere Person 10 Euro Kinder bis 13 Jahre 5 Euro Hunde pro Nacht 5 Euro Damit sie immer ein sauberes Zuhause haben werden einmalig 15\u20ac Endreinigung f\u00e4llig, au\u00dfer sie bleiben l\u00e4nger wie 4 Tage. Dann ist diese Gratis. Im Preis enthalten sind Handt\u00fccher, Bettw\u00e4sche, Nebenkosten<\/p>\n","protected":false},"author":1,"featured_media":0,"parent":0,"menu_order":0,"comment_status":"closed","ping_status":"closed","template":"","meta":[],"_links":{"self":[{"href":"http:\/\/www.ferienwohnung-rheindiebach.de\/index.php?rest_route=\/wp\/v2\/pages\/8"}],"collection":[{"href":"http:\/\/www.ferienwohnung-rheindiebach.de\/index.php?rest_route=\/wp\/v2\/pages"}],"about":[{"href":"http:\/\/www.ferienwohnung-rheindiebach.de\/index.php?rest_route=\/wp\/v2\/types\/page"}],"author":[{"embeddable":true,"href":"http:\/\/www.ferienwohnung-rheindiebach.de\/index.php?rest_route=\/wp\/v2\/users\/1"}],"replies":[{"embeddable":true,"href":"http:\/\/www.ferienwohnung-rheindiebach.de\/index.php?rest_route=%2Fwp%2Fv2%2Fcomments&post=8"}],"version-history":[{"count":6,"href":"http:\/\/www.ferienwohnung-rheindiebach.de\/index.php?rest_route=\/wp\/v2\/pages\/8\/revisions"}],"predecessor-version":[{"id":232,"href":"http:\/\/www.ferienwohnung-rheindiebach.de\/index.php?rest_route=\/wp\/v2\/pages\/8\/revisions\/232"}],"wp:attachment":[{"href":"http:\/\/www.ferienwohnung-rheindiebach.de\/index.php?rest_route=%2Fwp%2Fv2%2Fmedia&parent=8"}],"curies":[{"name":"wp","href":"https:\/\/api.w.org\/{rel}","templated":true}]}}