{"id":12,"date":"2016-03-06T12:50:34","date_gmt":"2016-03-06T12:50:34","guid":{"rendered":"http:\/\/wp12557485.server-he.de\/?page_id=12"},"modified":"2024-03-29T09:36:07","modified_gmt":"2024-03-29T09:36:07","slug":"unser-wohnungen","status":"publish","type":"page","link":"http:\/\/www.ferienwohnung-rheindiebach.de\/?page_id=12","title":{"rendered":"Wohnung und Strandgarten"},"content":{"rendered":"\n<ul>\n<li> Die Wohnung im Erdgeschoss umfasst: <\/li>\n<\/ul>\n\n\n\n<ul>\n<li>Das Wohnzimmer<\/li>\n<\/ul>\n\n\n\n<p>Eine gem\u00fctliche und warme Erholungspunkt f\u00fcr ihre Entdeckungreisen in das Rheintal. Die Doppelschlafcouch k\u00f6nnen sie f\u00fcr ihre Ruhezeiten ausziehen und der Fernseher mit integrierten Radio bietet ihnen den idealen Platz f\u00fcr den Tag ausklingen zu lassen.<\/p>\n\n\n\n<figure class=\"is-layout-flex wp-block-gallery-1 wp-block-gallery has-nested-images columns-3 is-cropped\">\n<figure class=\"wp-block-image size-large\"><img decoding=\"async\" loading=\"lazy\" width=\"1024\" height=\"680\" data-id=\"112\"  src=\"http:\/\/www.ferienwohnung-rheindiebach.de\/wp-content\/uploads\/2019\/01\/DSC_0092-1024x680.jpg\" alt=\"\" class=\"wp-image-112\" srcset=\"http:\/\/www.ferienwohnung-rheindiebach.de\/wp-content\/uploads\/2019\/01\/DSC_0092-1024x680.jpg 1024w, http:\/\/www.ferienwohnung-rheindiebach.de\/wp-content\/uploads\/2019\/01\/DSC_0092-300x199.jpg 300w, http:\/\/www.ferienwohnung-rheindiebach.de\/wp-content\/uploads\/2019\/01\/DSC_0092-768x510.jpg 768w\" sizes=\"(max-width: 1024px) 100vw, 1024px\" \/><\/figure>\n\n\n\n<figure class=\"wp-block-image size-large\"><img decoding=\"async\" loading=\"lazy\" width=\"1024\" height=\"478\" data-id=\"135\"  src=\"http:\/\/www.ferienwohnung-rheindiebach.de\/wp-content\/uploads\/2022\/12\/20221227_100805-1024x478.jpg\" alt=\"\" class=\"wp-image-135\" srcset=\"http:\/\/www.ferienwohnung-rheindiebach.de\/wp-content\/uploads\/2022\/12\/20221227_100805-1024x478.jpg 1024w, http:\/\/www.ferienwohnung-rheindiebach.de\/wp-content\/uploads\/2022\/12\/20221227_100805-300x140.jpg 300w, http:\/\/www.ferienwohnung-rheindiebach.de\/wp-content\/uploads\/2022\/12\/20221227_100805-768x359.jpg 768w, http:\/\/www.ferienwohnung-rheindiebach.de\/wp-content\/uploads\/2022\/12\/20221227_100805-1536x717.jpg 1536w, http:\/\/www.ferienwohnung-rheindiebach.de\/wp-content\/uploads\/2022\/12\/20221227_100805-2048x956.jpg 2048w\" sizes=\"(max-width: 1024px) 100vw, 1024px\" \/><\/figure>\n\n\n\n<figure class=\"wp-block-image size-large\"><img decoding=\"async\" loading=\"lazy\" width=\"1024\" height=\"478\" data-id=\"138\"  src=\"http:\/\/www.ferienwohnung-rheindiebach.de\/wp-content\/uploads\/2022\/12\/20221227_100822-1024x478.jpg\" alt=\"\" class=\"wp-image-138\" srcset=\"http:\/\/www.ferienwohnung-rheindiebach.de\/wp-content\/uploads\/2022\/12\/20221227_100822-1024x478.jpg 1024w, http:\/\/www.ferienwohnung-rheindiebach.de\/wp-content\/uploads\/2022\/12\/20221227_100822-300x140.jpg 300w, http:\/\/www.ferienwohnung-rheindiebach.de\/wp-content\/uploads\/2022\/12\/20221227_100822-768x359.jpg 768w, http:\/\/www.ferienwohnung-rheindiebach.de\/wp-content\/uploads\/2022\/12\/20221227_100822-1536x717.jpg 1536w, http:\/\/www.ferienwohnung-rheindiebach.de\/wp-content\/uploads\/2022\/12\/20221227_100822-2048x956.jpg 2048w\" sizes=\"(max-width: 1024px) 100vw, 1024px\" \/><\/figure>\n\n\n\n<figure class=\"wp-block-image size-large\"><img decoding=\"async\" loading=\"lazy\" width=\"1024\" height=\"478\" data-id=\"137\"  src=\"http:\/\/www.ferienwohnung-rheindiebach.de\/wp-content\/uploads\/2022\/12\/20221227_100724-1024x478.jpg\" alt=\"\" class=\"wp-image-137\" srcset=\"http:\/\/www.ferienwohnung-rheindiebach.de\/wp-content\/uploads\/2022\/12\/20221227_100724-1024x478.jpg 1024w, http:\/\/www.ferienwohnung-rheindiebach.de\/wp-content\/uploads\/2022\/12\/20221227_100724-300x140.jpg 300w, http:\/\/www.ferienwohnung-rheindiebach.de\/wp-content\/uploads\/2022\/12\/20221227_100724-768x359.jpg 768w, http:\/\/www.ferienwohnung-rheindiebach.de\/wp-content\/uploads\/2022\/12\/20221227_100724-1536x717.jpg 1536w, http:\/\/www.ferienwohnung-rheindiebach.de\/wp-content\/uploads\/2022\/12\/20221227_100724-2048x956.jpg 2048w\" sizes=\"(max-width: 1024px) 100vw, 1024px\" \/><\/figure>\n<\/figure>\n\n\n<ul>\n<li>Die K\u00fcche<\/li>\n<\/ul>\n<p>Eine gro\u00dfz\u00fcgige Einbauk\u00fcche mit integrierter Sp\u00fclmaschine und alles was man f\u00fcr den t\u00e4glichen Gebrauch ben\u00f6tigt,\u00a0steht Ihnen zur Verf\u00fcgung.<\/p>\n<p><a href=\"http:\/\/wp12557485.server-he.de\/wp-content\/uploads\/2016\/03\/IMG_20160209_110234.jpg\" rel=\"attachment wp-att-27\"><img decoding=\"async\" loading=\"lazy\" class=\"alignnone size-medium wp-image-27\" src=\"http:\/\/wp12557485.server-he.de\/wp-content\/uploads\/2016\/03\/IMG_20160209_110234-300x169.jpg\" alt=\"IMG_20160209_110234\" width=\"300\" height=\"169\" srcset=\"http:\/\/www.ferienwohnung-rheindiebach.de\/wp-content\/uploads\/2016\/03\/IMG_20160209_110234-300x169.jpg 300w, http:\/\/www.ferienwohnung-rheindiebach.de\/wp-content\/uploads\/2016\/03\/IMG_20160209_110234-768x432.jpg 768w, http:\/\/www.ferienwohnung-rheindiebach.de\/wp-content\/uploads\/2016\/03\/IMG_20160209_110234-1024x576.jpg 1024w\" sizes=\"(max-width: 300px) 100vw, 300px\" \/><\/a> <a href=\"http:\/\/wp12557485.server-he.de\/wp-content\/uploads\/2016\/03\/IMG_20160209_110245.jpg\" rel=\"attachment wp-att-26\"><img decoding=\"async\" loading=\"lazy\" class=\"alignnone size-medium wp-image-26\" src=\"http:\/\/wp12557485.server-he.de\/wp-content\/uploads\/2016\/03\/IMG_20160209_110245-300x169.jpg\" alt=\"IMG_20160209_110245\" width=\"300\" height=\"169\" srcset=\"http:\/\/www.ferienwohnung-rheindiebach.de\/wp-content\/uploads\/2016\/03\/IMG_20160209_110245-300x169.jpg 300w, http:\/\/www.ferienwohnung-rheindiebach.de\/wp-content\/uploads\/2016\/03\/IMG_20160209_110245-768x432.jpg 768w, http:\/\/www.ferienwohnung-rheindiebach.de\/wp-content\/uploads\/2016\/03\/IMG_20160209_110245-1024x576.jpg 1024w\" sizes=\"(max-width: 300px) 100vw, 300px\" \/><\/a> <a href=\"http:\/\/wp12557485.server-he.de\/wp-content\/uploads\/2016\/03\/IMG_20160314_191237.jpg\" rel=\"attachment wp-att-54\"><img decoding=\"async\" loading=\"lazy\" class=\"alignnone size-medium wp-image-54\" src=\"http:\/\/wp12557485.server-he.de\/wp-content\/uploads\/2016\/03\/IMG_20160314_191237-300x169.jpg\" alt=\"IMG_20160314_191237\" width=\"300\" height=\"169\" srcset=\"http:\/\/www.ferienwohnung-rheindiebach.de\/wp-content\/uploads\/2016\/03\/IMG_20160314_191237-300x169.jpg 300w, http:\/\/www.ferienwohnung-rheindiebach.de\/wp-content\/uploads\/2016\/03\/IMG_20160314_191237-768x432.jpg 768w, http:\/\/www.ferienwohnung-rheindiebach.de\/wp-content\/uploads\/2016\/03\/IMG_20160314_191237-1024x576.jpg 1024w\" sizes=\"(max-width: 300px) 100vw, 300px\" \/><\/a><\/p>\n<ul>\n<li>Das Bad<\/li>\n<\/ul>\n<p>Ein Bad mit Dusche und WC steht im Erdgeschoss zur Verf\u00fcgung.<\/p>\n<p><a href=\"http:\/\/www.ferienwohnung-rheindiebach.de\/wp-content\/uploads\/2024\/03\/20240329_101210-scaled.jpg\"><img decoding=\"async\" loading=\"lazy\" class=\"alignnone size-medium wp-image-238\" src=\"http:\/\/www.ferienwohnung-rheindiebach.de\/wp-content\/uploads\/2024\/03\/20240329_101210-300x214.jpg\" alt=\"\" width=\"300\" height=\"214\" srcset=\"http:\/\/www.ferienwohnung-rheindiebach.de\/wp-content\/uploads\/2024\/03\/20240329_101210-300x214.jpg 300w, http:\/\/www.ferienwohnung-rheindiebach.de\/wp-content\/uploads\/2024\/03\/20240329_101210-1024x732.jpg 1024w, http:\/\/www.ferienwohnung-rheindiebach.de\/wp-content\/uploads\/2024\/03\/20240329_101210-768x549.jpg 768w, http:\/\/www.ferienwohnung-rheindiebach.de\/wp-content\/uploads\/2024\/03\/20240329_101210-1536x1098.jpg 1536w, http:\/\/www.ferienwohnung-rheindiebach.de\/wp-content\/uploads\/2024\/03\/20240329_101210-2048x1464.jpg 2048w\" sizes=\"(max-width: 300px) 100vw, 300px\" \/><\/a><\/p>\n<p>\u00a0<\/p>\n<h2>Zus\u00e4tzliches Schlafzimmer<\/h2>\n<p>Im oberen Stockwerk befindet sich ein gro\u00dfes Schlafzimmer mit Balkon.<\/p>\n<p><a href=\"http:\/\/wp12557485.server-he.de\/wp-content\/uploads\/2016\/03\/IMG_20160314_190815.jpg\" rel=\"attachment wp-att-52\"><img decoding=\"async\" loading=\"lazy\" class=\"alignnone size-medium wp-image-52\" src=\"http:\/\/wp12557485.server-he.de\/wp-content\/uploads\/2016\/03\/IMG_20160314_190815-300x169.jpg\" alt=\"IMG_20160314_190815\" width=\"300\" height=\"169\" srcset=\"http:\/\/www.ferienwohnung-rheindiebach.de\/wp-content\/uploads\/2016\/03\/IMG_20160314_190815-300x169.jpg 300w, http:\/\/www.ferienwohnung-rheindiebach.de\/wp-content\/uploads\/2016\/03\/IMG_20160314_190815-768x432.jpg 768w, http:\/\/www.ferienwohnung-rheindiebach.de\/wp-content\/uploads\/2016\/03\/IMG_20160314_190815-1024x576.jpg 1024w\" sizes=\"(max-width: 300px) 100vw, 300px\" \/><\/a><\/p>\n<p>Alle Zimmer sind nat\u00fcrlich Nichtraucherzimmer au\u00dfer der Balkon nat\u00fcrlich.<\/p>\n<p><strong>Internet und Wlan sind kostenlos!<\/strong><\/p>\n<h2>Der Garten<\/h2>\n<p><a href=\"http:\/\/www.ferienwohnung-rheindiebach.de\/wp-content\/uploads\/2017\/08\/IMG_20170719_082527.jpg\"><img decoding=\"async\" loading=\"lazy\" class=\"alignnone size-medium wp-image-99\" src=\"http:\/\/www.ferienwohnung-rheindiebach.de\/wp-content\/uploads\/2017\/08\/IMG_20170719_082527-300x169.jpg\" alt=\"\" width=\"300\" height=\"169\" srcset=\"http:\/\/www.ferienwohnung-rheindiebach.de\/wp-content\/uploads\/2017\/08\/IMG_20170719_082527-300x169.jpg 300w, http:\/\/www.ferienwohnung-rheindiebach.de\/wp-content\/uploads\/2017\/08\/IMG_20170719_082527-768x432.jpg 768w, http:\/\/www.ferienwohnung-rheindiebach.de\/wp-content\/uploads\/2017\/08\/IMG_20170719_082527-1024x576.jpg 1024w\" sizes=\"(max-width: 300px) 100vw, 300px\" \/><\/a> <a href=\"http:\/\/www.ferienwohnung-rheindiebach.de\/wp-content\/uploads\/2017\/08\/IMG_20170719_082451.jpg\"><img decoding=\"async\" loading=\"lazy\" class=\"alignnone size-medium wp-image-98\" src=\"http:\/\/www.ferienwohnung-rheindiebach.de\/wp-content\/uploads\/2017\/08\/IMG_20170719_082451-300x169.jpg\" alt=\"\" width=\"300\" height=\"169\" srcset=\"http:\/\/www.ferienwohnung-rheindiebach.de\/wp-content\/uploads\/2017\/08\/IMG_20170719_082451-300x169.jpg 300w, http:\/\/www.ferienwohnung-rheindiebach.de\/wp-content\/uploads\/2017\/08\/IMG_20170719_082451-768x432.jpg 768w, http:\/\/www.ferienwohnung-rheindiebach.de\/wp-content\/uploads\/2017\/08\/IMG_20170719_082451-1024x576.jpg 1024w\" sizes=\"(max-width: 300px) 100vw, 300px\" \/><\/a> <a href=\"http:\/\/www.ferienwohnung-rheindiebach.de\/wp-content\/uploads\/2017\/08\/IMG_20170719_082332.jpg\"><img decoding=\"async\" loading=\"lazy\" class=\"alignnone size-medium wp-image-97\" src=\"http:\/\/www.ferienwohnung-rheindiebach.de\/wp-content\/uploads\/2017\/08\/IMG_20170719_082332-300x169.jpg\" alt=\"\" width=\"300\" height=\"169\" srcset=\"http:\/\/www.ferienwohnung-rheindiebach.de\/wp-content\/uploads\/2017\/08\/IMG_20170719_082332-300x169.jpg 300w, http:\/\/www.ferienwohnung-rheindiebach.de\/wp-content\/uploads\/2017\/08\/IMG_20170719_082332-768x432.jpg 768w, http:\/\/www.ferienwohnung-rheindiebach.de\/wp-content\/uploads\/2017\/08\/IMG_20170719_082332-1024x576.jpg 1024w\" sizes=\"(max-width: 300px) 100vw, 300px\" \/><\/a> <a href=\"http:\/\/www.ferienwohnung-rheindiebach.de\/wp-content\/uploads\/2017\/08\/IMG_20170719_082305.jpg\"><img decoding=\"async\" loading=\"lazy\" class=\"alignnone size-medium wp-image-96\" src=\"http:\/\/www.ferienwohnung-rheindiebach.de\/wp-content\/uploads\/2017\/08\/IMG_20170719_082305-300x169.jpg\" alt=\"\" width=\"300\" height=\"169\" srcset=\"http:\/\/www.ferienwohnung-rheindiebach.de\/wp-content\/uploads\/2017\/08\/IMG_20170719_082305-300x169.jpg 300w, http:\/\/www.ferienwohnung-rheindiebach.de\/wp-content\/uploads\/2017\/08\/IMG_20170719_082305-768x432.jpg 768w, http:\/\/www.ferienwohnung-rheindiebach.de\/wp-content\/uploads\/2017\/08\/IMG_20170719_082305-1024x576.jpg 1024w\" sizes=\"(max-width: 300px) 100vw, 300px\" \/><\/a><\/p>\n<p>Durch eine Unterf\u00fchrung gelangen Sie schnell zum Garten mit hervoragender Aussicht auf den Rhein. Dieser kann zum verweilen, relaxen und gem\u00fctlichem Grillen genutzt werden. Und in den gesch\u00fctzten Buchten des Rheins kann man sich auch mal schnell abk\u00fchlen gehen,<\/p>","protected":false},"excerpt":{"rendered":"<p>Eine gem\u00fctliche und warme Erholungspunkt f\u00fcr ihre Entdeckungreisen in das Rheintal. Die Doppelschlafcouch k\u00f6nnen sie f\u00fcr ihre Ruhezeiten ausziehen und der Fernseher mit integrierten Radio bietet ihnen den idealen Platz f\u00fcr den Tag ausklingen zu lassen. Die K\u00fcche Eine gro\u00dfz\u00fcgige Einbauk\u00fcche mit integrierter Sp\u00fclmaschine und alles was man f\u00fcr den t\u00e4glichen Gebrauch ben\u00f6tigt,\u00a0steht Ihnen zur [&hellip;]<\/p>\n","protected":false},"author":1,"featured_media":25,"parent":0,"menu_order":0,"comment_status":"closed","ping_status":"closed","template":"","meta":[],"_links":{"self":[{"href":"http:\/\/www.ferienwohnung-rheindiebach.de\/index.php?rest_route=\/wp\/v2\/pages\/12"}],"collection":[{"href":"http:\/\/www.ferienwohnung-rheindiebach.de\/index.php?rest_route=\/wp\/v2\/pages"}],"about":[{"href":"http:\/\/www.ferienwohnung-rheindiebach.de\/index.php?rest_route=\/wp\/v2\/types\/page"}],"author":[{"embeddable":true,"href":"http:\/\/www.ferienwohnung-rheindiebach.de\/index.php?rest_route=\/wp\/v2\/users\/1"}],"replies":[{"embeddable":true,"href":"http:\/\/www.ferienwohnung-rheindiebach.de\/index.php?rest_route=%2Fwp%2Fv2%2Fcomments&post=12"}],"version-history":[{"count":20,"href":"http:\/\/www.ferienwohnung-rheindiebach.de\/index.php?rest_route=\/wp\/v2\/pages\/12\/revisions"}],"predecessor-version":[{"id":239,"href":"http:\/\/www.ferienwohnung-rheindiebach.de\/index.php?rest_route=\/wp\/v2\/pages\/12\/revisions\/239"}],"wp:featuredmedia":[{"embeddable":true,"href":"http:\/\/www.ferienwohnung-rheindiebach.de\/index.php?rest_route=\/wp\/v2\/media\/25"}],"wp:attachment":[{"href":"http:\/\/www.ferienwohnung-rheindiebach.de\/index.php?rest_route=%2Fwp%2Fv2%2Fmedia&parent=12"}],"curies":[{"name":"wp","href":"https:\/\/api.w.org\/{rel}","templated":true}]}}